{"id":389,"date":"2023-03-10T18:01:40","date_gmt":"2023-03-10T16:01:40","guid":{"rendered":"https:\/\/oskariveod.ee\/reaalajas-kauba-jalgimine\/"},"modified":"2024-07-02T12:21:56","modified_gmt":"2024-07-02T09:21:56","slug":"reaalajas-kauba-jalgimine","status":"publish","type":"page","link":"https:\/\/oskariveod.ee\/et\/teenused\/reaalajas-kauba-jalgimine\/","title":{"rendered":"Reaalajas kauba j\u00e4lgimine"},"content":{"rendered":"\n<p>Me hindame klientide soovi saada detailset infot oma kauba kohta. Oskari Veod on kasutusele v\u00f5tnud tehnoloogiad, mis v\u00f5imaldavad j\u00e4lgida kuaba asukohta reaalajas.<\/p>\n\n<p>Reaalajas j\u00e4lgimiss\u00fcsteemi sisselogimiseks vajutage allolevale vormile. Reaalajas j\u00e4lgimiss\u00fcsteemi sisselogimiseks vajutage allolevale vormile. Kui teil veel pole kasutajakontot, siis p\u00f6\u00f6rduge meie <a href=\"https:\/\/oskariveod.ee\/et\/kontakt\/\" data-type=\"page\" data-id=\"33\">klienditeeninduse<\/a> poole.<\/p>\n<div class=\"wp-block-image is-style-default\">\n<figure class=\"aligncenter size-medium\"><a href=\"https:\/\/fleet.guardsystems.com\/\"><img loading=\"lazy\" decoding=\"async\" width=\"265\" height=\"300\" src=\"https:\/\/oskariveod.ee\/wp-content\/uploads\/2024\/06\/Guardsystems-265x300.webp\" alt=\"\" class=\"wp-image-230\" srcset=\"https:\/\/oskariveod.ee\/wp-content\/uploads\/2024\/06\/Guardsystems-265x300.webp 265w, https:\/\/oskariveod.ee\/wp-content\/uploads\/2024\/06\/Guardsystems.webp 684w\" sizes=\"auto, (max-width: 265px) 100vw, 265px\" \/><\/a><\/figure>\n<\/div>\n<div class=\"wp-block-essential-blocks-image-gallery root-eb-image-gallery-v2gbh\"><div class=\"eb-parent-wrapper eb-parent-eb-image-gallery-v2gbh eb_animation eb___animated eb___zoomIn\"><div class=\"eb-gallery-img-wrapper eb-image-gallery-v2gbh grid overlay-bottom caption-style-0 no-isotope \" data-id=\"eb-image-gallery-v2gbh\"><a href=\"https:\/\/oskariveod.ee\/wp-content\/uploads\/2023\/03\/Customer-service.webp\" rel=\"noopener\" data-fslightbox=\"gallery\" data-type=\"image\" class=\"eb-gallery-img-content eb-filter-img-\"><span class=\"eb-gallery-link-wrapper\"><img decoding=\"async\" class=\"eb-gallery-img\" src=\"https:\/\/oskariveod.ee\/wp-content\/uploads\/2023\/03\/Customer-service.webp\" image-index=\"0\" alt=\"\"><\/span><\/a><a href=\"https:\/\/oskariveod.ee\/wp-content\/uploads\/2023\/03\/location-based-service.webp\" rel=\"noopener\" data-fslightbox=\"gallery\" data-type=\"image\" class=\"eb-gallery-img-content eb-filter-img-\"><span class=\"eb-gallery-link-wrapper\"><img decoding=\"async\" class=\"eb-gallery-img\" src=\"https:\/\/oskariveod.ee\/wp-content\/uploads\/2023\/03\/location-based-service.webp\" image-index=\"1\" alt=\"\"><\/span><\/a><a href=\"https:\/\/oskariveod.ee\/wp-content\/uploads\/2023\/03\/location-services-on-mobile.webp\" rel=\"noopener\" data-fslightbox=\"gallery\" data-type=\"image\" class=\"eb-gallery-img-content eb-filter-img-\"><span class=\"eb-gallery-link-wrapper\"><img decoding=\"async\" class=\"eb-gallery-img\" src=\"https:\/\/oskariveod.ee\/wp-content\/uploads\/2023\/03\/location-services-on-mobile.webp\" image-index=\"2\" alt=\"\"><\/span><\/a><\/div><\/div><\/div>\n","protected":false},"excerpt":{"rendered":"<p>Me hindame klientide soovi saada detailset infot oma kauba kohta. Oskari Veod on kasutusele v\u00f5tnud tehnoloogiad, mis v\u00f5imaldavad j\u00e4lgida kuaba asukohta reaalajas. Reaalajas j\u00e4lgimiss\u00fcsteemi sisselogimiseks vajutage allolevale vormile. Reaalajas j\u00e4lgimiss\u00fcsteemi sisselogimiseks vajutage allolevale vormile. Kui teil veel pole kasutajakontot, siis p\u00f6\u00f6rduge meie klienditeeninduse poole.<\/p>\n","protected":false},"author":2,"featured_media":359,"parent":395,"menu_order":0,"comment_status":"closed","ping_status":"closed","template":"","meta":{"_eb_attr":"","footnotes":""},"class_list":["post-389","page","type-page","status-publish","has-post-thumbnail"],"_links":{"self":[{"href":"https:\/\/oskariveod.ee\/et\/wp-json\/wp\/v2\/pages\/389","targetHints":{"allow":["GET"]}}],"collection":[{"href":"https:\/\/oskariveod.ee\/et\/wp-json\/wp\/v2\/pages"}],"about":[{"href":"https:\/\/oskariveod.ee\/et\/wp-json\/wp\/v2\/types\/page"}],"author":[{"embeddable":true,"href":"https:\/\/oskariveod.ee\/et\/wp-json\/wp\/v2\/users\/2"}],"replies":[{"embeddable":true,"href":"https:\/\/oskariveod.ee\/et\/wp-json\/wp\/v2\/comments?post=389"}],"version-history":[{"count":4,"href":"https:\/\/oskariveod.ee\/et\/wp-json\/wp\/v2\/pages\/389\/revisions"}],"predecessor-version":[{"id":490,"href":"https:\/\/oskariveod.ee\/et\/wp-json\/wp\/v2\/pages\/389\/revisions\/490"}],"up":[{"embeddable":true,"href":"https:\/\/oskariveod.ee\/et\/wp-json\/wp\/v2\/pages\/395"}],"wp:featuredmedia":[{"embeddable":true,"href":"https:\/\/oskariveod.ee\/et\/wp-json\/wp\/v2\/media\/359"}],"wp:attachment":[{"href":"https:\/\/oskariveod.ee\/et\/wp-json\/wp\/v2\/media?parent=389"}],"curies":[{"name":"wp","href":"https:\/\/api.w.org\/{rel}","templated":true}]}}