{"id":391,"date":"2023-03-10T18:01:27","date_gmt":"2023-03-10T16:01:27","guid":{"rendered":"https:\/\/oskariveod.ee\/ulegabariidilised-veosed\/"},"modified":"2024-07-02T08:16:47","modified_gmt":"2024-07-02T05:16:47","slug":"ulegabariidilised-veosed","status":"publish","type":"page","link":"https:\/\/oskariveod.ee\/et\/teenused\/ulegabariidilised-veosed\/","title":{"rendered":"\u00dclegabariidilised veosed"},"content":{"rendered":"\n<p>\u00dcks Oskari Veod O\u00dc tegevusharudest on keskendunud \u00fclekabariidilistele veostele, mis vajavad erilist t\u00e4helepanu ja hoolt. Meie oskuslik meeskkond hoolitseb teie \u00fclegabariidilise kauba eest.<\/p>\n\n<div class=\"wp-block-essential-blocks-image-gallery root-eb-image-gallery-pluhm\"><div class=\"eb-parent-wrapper eb-parent-eb-image-gallery-pluhm eb_animation eb___animated eb___zoomIn\"><div class=\"eb-gallery-img-wrapper eb-image-gallery-pluhm grid overlay-bottom caption-style-0 no-isotope \" data-id=\"eb-image-gallery-pluhm\"><a href=\"https:\/\/oskariveod.ee\/wp-content\/uploads\/2023\/03\/oskari-veod-oversize_cargo_01.webp\" rel=\"noopener\" data-fslightbox=\"gallery\" data-type=\"image\" class=\"eb-gallery-img-content eb-filter-img-\"><span class=\"eb-gallery-link-wrapper\"><img decoding=\"async\" class=\"eb-gallery-img\" src=\"https:\/\/oskariveod.ee\/wp-content\/uploads\/2023\/03\/oskari-veod-oversize_cargo_01.webp\" image-index=\"0\" alt=\"\"><\/span><\/a><a href=\"https:\/\/oskariveod.ee\/wp-content\/uploads\/2023\/03\/oskari-veod-oversize_cargo_02.webp\" rel=\"noopener\" data-fslightbox=\"gallery\" data-type=\"image\" class=\"eb-gallery-img-content eb-filter-img-\"><span class=\"eb-gallery-link-wrapper\"><img decoding=\"async\" class=\"eb-gallery-img\" src=\"https:\/\/oskariveod.ee\/wp-content\/uploads\/2023\/03\/oskari-veod-oversize_cargo_02.webp\" image-index=\"1\" alt=\"\"><\/span><\/a><a href=\"https:\/\/oskariveod.ee\/wp-content\/uploads\/2023\/03\/oskari-veod-oversize_cargo_03.webp\" rel=\"noopener\" data-fslightbox=\"gallery\" data-type=\"image\" class=\"eb-gallery-img-content eb-filter-img-\"><span class=\"eb-gallery-link-wrapper\"><img decoding=\"async\" class=\"eb-gallery-img\" src=\"https:\/\/oskariveod.ee\/wp-content\/uploads\/2023\/03\/oskari-veod-oversize_cargo_03.webp\" image-index=\"2\" alt=\"\"><\/span><\/a><\/div><\/div><\/div>\n","protected":false},"excerpt":{"rendered":"<p>\u00dcks Oskari Veod O\u00dc tegevusharudest on keskendunud \u00fclekabariidilistele veostele, mis vajavad erilist t\u00e4helepanu ja hoolt. Meie oskuslik meeskkond hoolitseb teie \u00fclegabariidilise kauba eest.<\/p>\n","protected":false},"author":2,"featured_media":362,"parent":395,"menu_order":0,"comment_status":"closed","ping_status":"closed","template":"","meta":{"_eb_attr":"","footnotes":""},"class_list":["post-391","page","type-page","status-publish","has-post-thumbnail"],"_links":{"self":[{"href":"https:\/\/oskariveod.ee\/et\/wp-json\/wp\/v2\/pages\/391","targetHints":{"allow":["GET"]}}],"collection":[{"href":"https:\/\/oskariveod.ee\/et\/wp-json\/wp\/v2\/pages"}],"about":[{"href":"https:\/\/oskariveod.ee\/et\/wp-json\/wp\/v2\/types\/page"}],"author":[{"embeddable":true,"href":"https:\/\/oskariveod.ee\/et\/wp-json\/wp\/v2\/users\/2"}],"replies":[{"embeddable":true,"href":"https:\/\/oskariveod.ee\/et\/wp-json\/wp\/v2\/comments?post=391"}],"version-history":[{"count":1,"href":"https:\/\/oskariveod.ee\/et\/wp-json\/wp\/v2\/pages\/391\/revisions"}],"predecessor-version":[{"id":392,"href":"https:\/\/oskariveod.ee\/et\/wp-json\/wp\/v2\/pages\/391\/revisions\/392"}],"up":[{"embeddable":true,"href":"https:\/\/oskariveod.ee\/et\/wp-json\/wp\/v2\/pages\/395"}],"wp:featuredmedia":[{"embeddable":true,"href":"https:\/\/oskariveod.ee\/et\/wp-json\/wp\/v2\/media\/362"}],"wp:attachment":[{"href":"https:\/\/oskariveod.ee\/et\/wp-json\/wp\/v2\/media?parent=391"}],"curies":[{"name":"wp","href":"https:\/\/api.w.org\/{rel}","templated":true}]}}