{"id":395,"date":"2023-03-10T18:00:26","date_gmt":"2023-03-10T16:00:26","guid":{"rendered":"https:\/\/oskariveod.ee\/teenused\/"},"modified":"2024-07-02T12:14:31","modified_gmt":"2024-07-02T09:14:31","slug":"teenused","status":"publish","type":"page","link":"https:\/\/oskariveod.ee\/et\/teenused\/","title":{"rendered":"Teenused"},"content":{"rendered":"\n<div class=\"wp-block-essential-blocks-row  root-eb-row-axftw\"><div class=\"eb-parent-wrapper eb-parent-eb-row-axftw \"><div class=\"eb-row-root-container eb-row-axftw\" data-id=\"eb-row-axftw\"><div class=\"eb-row-wrapper\"><div class=\"eb-row-inner\">\n<div class=\"wp-block-essential-blocks-column  root-eb-column-6ki41\"><div class=\"eb-parent-wrapper eb-parent-eb-column-6ki41 \"><div class=\"eb-column-wrapper eb-column-6ki41\"><div class=\"eb-column-inner\">\n<p>Oleme eesm\u00e4rgiks seadnud kliendi t\u00e4ieliku rahulolu. Sellep\u00e4rast pakume klientidele kompleksteenust. Suhtlus kauba saatjaga, ladustamine, tolliformaalsused ja kauba liikumisest informeerimine kuulub meie igap\u00e4evastesse t\u00f6\u00f6kohustustesse. Hetkeseisuga on k\u00f5ik meie ja allvedajate autod varustatud GPS-seadmetega, mis v\u00f5imaldavad klientidel j\u00e4lgida kaupade liikumist reaalajas. Ootame teie p\u00e4ringuid!<\/p>\n\n\n<div class=\"root-eb-post-grid-9o41g wp-block-essential-blocks-post-grid\">\n    <div class=\"eb-parent-wrapper eb-parent-eb-post-grid-9o41g \">\n        <div class=\"eb-post-grid-9o41g style-1 eb-post-grid-wrapper\"\n            data-id=\"eb-post-grid-9o41g\"\n            data-querydata=\"{&quot;source&quot;:&quot;page&quot;,&quot;sourceIndex&quot;:1,&quot;rest_base&quot;:&quot;pages&quot;,&quot;rest_namespace&quot;:&quot;wp\\\/v2&quot;,&quot;author&quot;:&quot;&quot;,&quot;taxonomies&quot;:[],&quot;per_page&quot;:&quot;6&quot;,&quot;offset&quot;:&quot;0&quot;,&quot;orderby&quot;:&quot;date&quot;,&quot;order&quot;:&quot;desc&quot;,&quot;include&quot;:&quot;[{\\&quot;value\\&quot;:25,\\&quot;label\\&quot;:\\&quot;ADR dangerous goods\\&quot;},{\\&quot;value\\&quot;:27,\\&quot;label\\&quot;:\\&quot;Oversize loads\\&quot;},{\\&quot;value\\&quot;:29,\\&quot;label\\&quot;:\\&quot;Live Online Tracking\\&quot;},{\\&quot;value\\&quot;:23,\\&quot;label\\&quot;:\\&quot;Regular Cargo\\&quot;}]&quot;,&quot;exclude&quot;:&quot;&quot;,&quot;exclude_current&quot;:false,&quot;ignore_sticky_posts&quot;:false,&quot;exclude_password_protected&quot;:false}\"\n            data-attributes=\"{&quot;thumbnailSize&quot;:&quot;&quot;,&quot;loadMoreOptions&quot;:{&quot;enableMorePosts&quot;:false,&quot;loadMoreType&quot;:&quot;1&quot;,&quot;loadMoreButtonTxt&quot;:&quot;Load More&quot;,&quot;alignment&quot;:&quot;center&quot;,&quot;prevTxt&quot;:&quot;&lt;&quot;,&quot;nextTxt&quot;:&quot;&gt;&quot;,&quot;totalPosts&quot;:4},&quot;showSearch&quot;:false,&quot;showTaxonomyFilter&quot;:false,&quot;enableAjaxSearch&quot;:false,&quot;addIcon&quot;:false,&quot;iconPosition&quot;:&quot;left&quot;,&quot;icon&quot;:&quot;fas fa-chevron-right&quot;,&quot;preset&quot;:&quot;style-1&quot;,&quot;defaultFilter&quot;:&quot;all&quot;,&quot;version&quot;:&quot;v2&quot;,&quot;showBlockContent&quot;:true,&quot;showFallbackImg&quot;:false,&quot;fallbackImgUrl&quot;:&quot;&quot;,&quot;showThumbnail&quot;:true,&quot;showTitle&quot;:true,&quot;titleLength&quot;:&quot;&quot;,&quot;titleTag&quot;:&quot;h2&quot;,&quot;showContent&quot;:false,&quot;contentLength&quot;:20,&quot;expansionIndicator&quot;:&quot;...&quot;,&quot;showReadMore&quot;:false,&quot;readmoreText&quot;:&quot;Read More&quot;,&quot;showMeta&quot;:false,&quot;headerMeta&quot;:&quot;[{\\&quot;value\\&quot;:\\&quot;categories\\&quot;,\\&quot;label\\&quot;:\\&quot;Categories\\&quot;}]&quot;,&quot;footerMeta&quot;:&quot;[{\\&quot;value\\&quot;:\\&quot;avatar\\&quot;,\\&quot;label\\&quot;:\\&quot;Author Avatar\\&quot;},{\\&quot;value\\&quot;:\\&quot;author\\&quot;,\\&quot;label\\&quot;:\\&quot;Author Name\\&quot;},{\\&quot;value\\&quot;:\\&quot;date\\&quot;,\\&quot;label\\&quot;:\\&quot;Published Date\\&quot;}]&quot;,&quot;authorPrefix&quot;:&quot;by&quot;,&quot;datePrefix&quot;:&quot;on&quot;}\">\n\n            \n\n            <div class=\"eb-post-grid-posts-wrapper\"><article class=\"ebpg-grid-post ebpg-post-grid-column\" data-id=\"389\"><div class=\"ebpg-grid-post-holder\"><div class=\"ebpg-entry-wrapper\"><div class=\"ebpg-entry-media\">\n                <div class=\"ebpg-entry-thumbnail\">\n                    <a class=\"ebpg-post-link-wrapper eb-sr-only\" href=\"https:\/\/oskariveod.ee\/et\/teenused\/reaalajas-kauba-jalgimine\/\">Reaalajas kauba j\u00e4lgimine<\/a>\n                    <img loading=\"lazy\" decoding=\"async\" width=\"320\" height=\"240\" src=\"https:\/\/oskariveod.ee\/wp-content\/uploads\/2023\/03\/Customer-service.webp\" class=\"attachment-full size-full\" alt=\"\" \/>\n                <\/div>\n            <\/div><header class=\"ebpg-entry-header\">\n            <h2 class=\"ebpg-entry-title\">\n                <a class=\"ebpg-grid-post-link\" href=\"https:\/\/oskariveod.ee\/et\/teenused\/reaalajas-kauba-jalgimine\/\" title=\"reaalajaskaubajlgimine\">Reaalajas kauba j\u00e4lgimine<\/a>\n            <\/h2>\n        <\/header><\/div><\/div><\/article><article class=\"ebpg-grid-post ebpg-post-grid-column\" data-id=\"391\"><div class=\"ebpg-grid-post-holder\"><div class=\"ebpg-entry-wrapper\"><div class=\"ebpg-entry-media\">\n                <div class=\"ebpg-entry-thumbnail\">\n                    <a class=\"ebpg-post-link-wrapper eb-sr-only\" href=\"https:\/\/oskariveod.ee\/et\/teenused\/ulegabariidilised-veosed\/\">\u00dclegabariidilised veosed<\/a>\n                    <img loading=\"lazy\" decoding=\"async\" width=\"1024\" height=\"768\" src=\"https:\/\/oskariveod.ee\/wp-content\/uploads\/2023\/03\/oskari-veod-oversize_cargo_01.webp\" class=\"attachment-full size-full\" alt=\"\" \/>\n                <\/div>\n            <\/div><header class=\"ebpg-entry-header\">\n            <h2 class=\"ebpg-entry-title\">\n                <a class=\"ebpg-grid-post-link\" href=\"https:\/\/oskariveod.ee\/et\/teenused\/ulegabariidilised-veosed\/\" title=\"legabariidilisedveosed\">\u00dclegabariidilised veosed<\/a>\n            <\/h2>\n        <\/header><\/div><\/div><\/article><article class=\"ebpg-grid-post ebpg-post-grid-column\" data-id=\"379\"><div class=\"ebpg-grid-post-holder\"><div class=\"ebpg-entry-wrapper\"><div class=\"ebpg-entry-media\">\n                <div class=\"ebpg-entry-thumbnail\">\n                    <a class=\"ebpg-post-link-wrapper eb-sr-only\" href=\"https:\/\/oskariveod.ee\/et\/teenused\/adr-ohtlikud-veosed\/\">ADR ohtlikud veosed<\/a>\n                    <img loading=\"lazy\" decoding=\"async\" width=\"320\" height=\"240\" src=\"https:\/\/oskariveod.ee\/wp-content\/uploads\/2023\/03\/ADR-signs.webp\" class=\"attachment-full size-full\" alt=\"\" \/>\n                <\/div>\n            <\/div><header class=\"ebpg-entry-header\">\n            <h2 class=\"ebpg-entry-title\">\n                <a class=\"ebpg-grid-post-link\" href=\"https:\/\/oskariveod.ee\/et\/teenused\/adr-ohtlikud-veosed\/\" title=\"adrohtlikudveosed\">ADR ohtlikud veosed<\/a>\n            <\/h2>\n        <\/header><\/div><\/div><\/article><article class=\"ebpg-grid-post ebpg-post-grid-column\" data-id=\"393\"><div class=\"ebpg-grid-post-holder\"><div class=\"ebpg-entry-wrapper\"><div class=\"ebpg-entry-media\">\n                <div class=\"ebpg-entry-thumbnail\">\n                    <a class=\"ebpg-post-link-wrapper eb-sr-only\" href=\"https:\/\/oskariveod.ee\/et\/teenused\/tavaline-veos\/\">Tavaline veos<\/a>\n                    <img loading=\"lazy\" decoding=\"async\" width=\"1024\" height=\"768\" src=\"https:\/\/oskariveod.ee\/wp-content\/uploads\/2023\/03\/Rekkad-reas02.webp\" class=\"attachment-full size-full\" alt=\"\" \/>\n                <\/div>\n            <\/div><header class=\"ebpg-entry-header\">\n            <h2 class=\"ebpg-entry-title\">\n                <a class=\"ebpg-grid-post-link\" href=\"https:\/\/oskariveod.ee\/et\/teenused\/tavaline-veos\/\" title=\"tavalineveos\">Tavaline veos<\/a>\n            <\/h2>\n        <\/header><\/div><\/div><\/article><\/div>        <\/div>\n    <\/div>\n<\/div>\n<\/div><\/div><\/div><\/div>\n\n\n\n<div class=\"wp-block-essential-blocks-column  root-eb-column-m5s3u\"><div class=\"eb-parent-wrapper eb-parent-eb-column-m5s3u \"><div class=\"eb-column-wrapper eb-column-m5s3u\"><div class=\"eb-column-inner\">\n<div class=\"wp-block-essential-blocks-infobox root-eb-infobox-1lkjyb2\"><div class=\"eb-parent-wrapper eb-parent-eb-infobox-1lkjyb2 eb_animation eb___animated eb___fadeInUp\"><div class=\"eb-infobox-1lkjyb2 eb-infobox-wrapper\"><div class=\"infobox-wrapper-inner\"><div class=\"icon-img-wrapper\"><div class=\"eb-icon number-or-icon\"><i icon=\"fas fa-clock\" class=\"fas fa-clock eb-infobox-icon-data-selector\"><\/i><\/div><\/div><div class=\"contents-wrapper\"><h3 class=\"title\">Usaldusv\u00e4\u00e4rne<\/h3><p class=\"description\">Usaldusv\u00e4\u00e4rsus on transpordis ja logistikas \u00fcks t\u00e4htsamaid argumente. Pakume oma klientidele intelligentseid lahendusi, et tagada kiirem ja t\u00e4psem kohaletoimetus.<\/p><\/div><\/div><\/div><\/div><\/div>\n\n\n\n<div class=\"wp-block-essential-blocks-infobox root-eb-infobox-dqonbzj\"><div class=\"eb-parent-wrapper eb-parent-eb-infobox-dqonbzj eb_animation eb___animated eb___fadeInUp\"><div class=\"eb-infobox-dqonbzj eb-infobox-wrapper\"><div class=\"infobox-wrapper-inner\"><div class=\"icon-img-wrapper\"><div class=\"eb-icon number-or-icon\"><i icon=\"fas fa-phone-volume\" class=\"fas fa-phone-volume eb-infobox-icon-data-selector\"><\/i><\/div><\/div><div class=\"contents-wrapper\"><h3 class=\"title\">S\u00f5bralik klienditeenindus<\/h3><p class=\"description\">Meie klienditeenindus on s\u00f5bralik ja abivalmis. Millal v\u00f5i kus iganes olete huvitatud oma kauba staatusest, meie saame teid aidata. V\u00f5tke julgelt \u00fchendust meie klienditeenindusega.<\/p><\/div><\/div><\/div><\/div><\/div>\n\n\n\n<div class=\"wp-block-essential-blocks-infobox root-eb-infobox-1h90cy4\"><div class=\"eb-parent-wrapper eb-parent-eb-infobox-1h90cy4 eb_animation eb___animated eb___fadeInUp\"><div class=\"eb-infobox-1h90cy4 eb-infobox-wrapper\"><div class=\"infobox-wrapper-inner\"><div class=\"icon-img-wrapper\"><div class=\"eb-icon number-or-icon\"><i icon=\"fas fa-thumbs-up\" class=\"fas fa-thumbs-up eb-infobox-icon-data-selector\"><\/i><\/div><\/div><div class=\"contents-wrapper\"><h3 class=\"title\">Klientide rahulolu<\/h3><p class=\"description\">Aastatega oleme kogunud \u00fcle 5000 rahuloleva kliendi ja enam, kui 200 p\u00fcsiklienti, kes usaldavad meie teenuseid.<\/p><\/div><\/div><\/div><\/div><\/div>\n\n\n\n<div class=\"wp-block-essential-blocks-infobox root-eb-infobox-l3y96rj\"><div class=\"eb-parent-wrapper eb-parent-eb-infobox-l3y96rj eb_animation eb___animated eb___fadeInUp\"><div class=\"eb-infobox-l3y96rj eb-infobox-wrapper\"><div class=\"infobox-wrapper-inner\"><div class=\"icon-img-wrapper\"><div class=\"eb-icon number-or-icon\"><i icon=\"fas fa-truck-arrow-right\" class=\"fas fa-truck-arrow-right eb-infobox-icon-data-selector\"><\/i><\/div><\/div><div class=\"contents-wrapper\"><h3 class=\"title\">Ettev\u00f5ttest<\/h3><p class=\"description\">O\u00dc Oskari Veod on v\u00e4lja kujunenud eraisikust ettev\u00f5tjast FIE Harri Oskarist, kes alustas oma tegevust aastal 1996&#8230;<\/p><div class=\"eb-infobox-btn-wrapper\"><a href=\"https:\/\/oskariveod.ee\/et\/ettevottest\/\" target=\"_self\" rel=\"noopener noreferrer\" class=\"infobox-btn \">Loe lisa<\/a><\/div><\/div><\/div><\/div><\/div><\/div>\n<\/div><\/div><\/div><\/div>\n<\/div><\/div><\/div><\/div><\/div>\n","protected":false},"excerpt":{"rendered":"","protected":false},"author":2,"featured_media":0,"parent":0,"menu_order":0,"comment_status":"closed","ping_status":"closed","template":"","meta":{"_eb_attr":"","footnotes":""},"class_list":["post-395","page","type-page","status-publish"],"_links":{"self":[{"href":"https:\/\/oskariveod.ee\/et\/wp-json\/wp\/v2\/pages\/395","targetHints":{"allow":["GET"]}}],"collection":[{"href":"https:\/\/oskariveod.ee\/et\/wp-json\/wp\/v2\/pages"}],"about":[{"href":"https:\/\/oskariveod.ee\/et\/wp-json\/wp\/v2\/types\/page"}],"author":[{"embeddable":true,"href":"https:\/\/oskariveod.ee\/et\/wp-json\/wp\/v2\/users\/2"}],"replies":[{"embeddable":true,"href":"https:\/\/oskariveod.ee\/et\/wp-json\/wp\/v2\/comments?post=395"}],"version-history":[{"count":4,"href":"https:\/\/oskariveod.ee\/et\/wp-json\/wp\/v2\/pages\/395\/revisions"}],"predecessor-version":[{"id":477,"href":"https:\/\/oskariveod.ee\/et\/wp-json\/wp\/v2\/pages\/395\/revisions\/477"}],"wp:attachment":[{"href":"https:\/\/oskariveod.ee\/et\/wp-json\/wp\/v2\/media?parent=395"}],"curies":[{"name":"wp","href":"https:\/\/api.w.org\/{rel}","templated":true}]}}